{"id":33,"date":"2026-02-04T09:41:03","date_gmt":"2026-02-04T08:41:03","guid":{"rendered":"http:\/\/www.xn--chalet-orcires-5jb.fr\/chaletorcieres\/front_page\/"},"modified":"2026-04-10T09:36:20","modified_gmt":"2026-04-10T07:36:20","slug":"front_page","status":"publish","type":"page","link":"https:\/\/chaletsdesalpes.fr\/chaletsdesalpes\/","title":{"rendered":"Accueil"},"content":{"rendered":"\n<p class=\"has-text-align-center has-text-color has-link-color has-xx-large-font-size wp-elements-e59614626520b3a2298ad873d39beea4\" style=\"border-style:none;border-width:0px;color:#30b524;padding-top:var(--wp--preset--spacing--40);padding-bottom:var(--wp--preset--spacing--40)\">Nos h\u00e9bergements \u00e0 Orci\u00e8res-Merlette<\/p>\n\n\n\n<div class=\"wp-block-columns is-layout-flex wp-container-core-columns-is-layout-28f84493 wp-block-columns-is-layout-flex\">\n<div class=\"wp-block-column is-layout-flow wp-block-column-is-layout-flow\">\n<figure class=\"wp-block-image size-full\"><img loading=\"lazy\" decoding=\"async\" width=\"1024\" height=\"768\" src=\"http:\/\/www.xn--chalet-orcires-5jb.fr\/chaletorcieres\/wp-content\/uploads\/2026\/02\/s-ete-1.jpg\" alt=\"\" class=\"wp-image-718\" srcset=\"https:\/\/chaletsdesalpes.fr\/chaletsdesalpes\/wp-content\/uploads\/2026\/02\/s-ete-1.jpg 1024w, https:\/\/chaletsdesalpes.fr\/chaletsdesalpes\/wp-content\/uploads\/2026\/02\/s-ete-1-768x576.jpg 768w\" sizes=\"(max-width: 1024px) 100vw, 1024px\" \/><\/figure>\n\n\n\n<p class=\"has-text-align-center has-text-color\" style=\"color:#30b524;padding-top:var(--wp--preset--spacing--20);padding-bottom:var(--wp--preset--spacing--20);font-size:30px\">Chalet Super-Rochebrune<\/p>\n<\/div>\n\n\n\n<div class=\"wp-block-column is-layout-flow wp-block-column-is-layout-flow\">\n<figure class=\"wp-block-image size-full\"><img loading=\"lazy\" decoding=\"async\" width=\"1000\" height=\"937\" src=\"http:\/\/www.xn--chalet-orcires-5jb.fr\/chaletorcieres\/wp-content\/uploads\/2026\/02\/p-ete-1.jpg\" alt=\"\" class=\"wp-image-603\" style=\"aspect-ratio:4\/3;object-fit:cover\"\/><\/figure>\n\n\n\n<p class=\"has-text-align-center has-text-color\" style=\"color:#30b524;padding-top:var(--wp--preset--spacing--20);padding-bottom:var(--wp--preset--spacing--20);font-size:30px\">Chalet Petit-Rochebrune<\/p>\n<\/div>\n<\/div>\n\n\n\n<div class=\"wp-block-columns is-layout-flex wp-container-core-columns-is-layout-28f84493 wp-block-columns-is-layout-flex\">\n<div class=\"wp-block-column is-layout-flow wp-block-column-is-layout-flow\">\n<p>Ce Chalet vous propose un h\u00e9bergement pour 10 \u00e0 12 personnes dans un grande surface de 125 m2, agr\u00e9ment\u00e9 d&rsquo;un balcon, d&rsquo;un jardin et d&rsquo;une terrasse. Profitez de l&rsquo;atmosph\u00e8re d&rsquo;un authentique chalet de montagne et d&rsquo;un \u00e9quipement complet pour un s\u00e9jour confortable. Id\u00e9al pour les grandes familles qui souhaitent pratiquer de multiples activit\u00e9s dans une station de ski au c\u0153ur&nbsp;du parc des Ecrins<\/p>\n\n\n\n<div class=\"wp-block-buttons is-layout-flex wp-block-buttons-is-layout-flex\">\n<div class=\"wp-block-button has-custom-width wp-block-button__width-75\"><a class=\"wp-block-button__link wp-element-button\" href=\"http:\/\/www.xn--chalet-orcires-5jb.fr\/chaletorcieres\/super-rochebrune\/\" style=\"padding-top:var(--wp--preset--spacing--40);padding-bottom:var(--wp--preset--spacing--40)\">D\u00e9couvrir Super-Rochebrune<\/a><\/div>\n<\/div>\n<\/div>\n\n\n\n<div class=\"wp-block-column is-layout-flow wp-block-column-is-layout-flow\">\n<p>Le \u00ab\u00a0petit\u00a0\u00bb chalet vous propose un h\u00e9bergement pour 2 \u00e0 4 personnes (canap\u00e9 convertible dans le salon), sur une superficie de 40 m2 dans une ambiance tr\u00e8s cocooning. Id\u00e9al pour un s\u00e9jour en duo et profiter d&rsquo;un espace compl\u00e8tement privatis\u00e9 avec une terrasse et une vue imprenable sur le massif des Ecrins.<\/p>\n\n\n\n<p>&#8211;<\/p>\n\n\n\n<div class=\"wp-block-buttons is-layout-flex wp-block-buttons-is-layout-flex\">\n<div class=\"wp-block-button has-custom-width wp-block-button__width-75\"><a class=\"wp-block-button__link wp-element-button\" href=\"http:\/\/www.xn--chalet-orcires-5jb.fr\/chaletorcieres\/petit-rochebrune\/\">D\u00e9couvrir Petit-Rochebrune<\/a><\/div>\n<\/div>\n<\/div>\n<\/div>\n\n\n\n<p><\/p>\n","protected":false},"excerpt":{"rendered":"<p>Nos h\u00e9bergements \u00e0 Orci\u00e8res-Merlette Chalet Super-Rochebrune Chalet Petit-Rochebrune Ce Chalet vous propose un h\u00e9bergement pour 10 \u00e0 12 personnes dans un grande surface de 125 [&hellip;]<\/p>\n","protected":false},"author":1,"featured_media":0,"parent":0,"menu_order":0,"comment_status":"closed","ping_status":"closed","template":"","meta":{"saved_in_kubio":true,"footnotes":""},"class_list":["post-33","page","type-page","status-publish","hentry"],"kubio_ai_page_context":{"short_desc":"","purpose":"general"},"_links":{"self":[{"href":"https:\/\/chaletsdesalpes.fr\/chaletsdesalpes\/wp-json\/wp\/v2\/pages\/33","targetHints":{"allow":["GET"]}}],"collection":[{"href":"https:\/\/chaletsdesalpes.fr\/chaletsdesalpes\/wp-json\/wp\/v2\/pages"}],"about":[{"href":"https:\/\/chaletsdesalpes.fr\/chaletsdesalpes\/wp-json\/wp\/v2\/types\/page"}],"author":[{"embeddable":true,"href":"https:\/\/chaletsdesalpes.fr\/chaletsdesalpes\/wp-json\/wp\/v2\/users\/1"}],"replies":[{"embeddable":true,"href":"https:\/\/chaletsdesalpes.fr\/chaletsdesalpes\/wp-json\/wp\/v2\/comments?post=33"}],"version-history":[{"count":32,"href":"https:\/\/chaletsdesalpes.fr\/chaletsdesalpes\/wp-json\/wp\/v2\/pages\/33\/revisions"}],"predecessor-version":[{"id":866,"href":"https:\/\/chaletsdesalpes.fr\/chaletsdesalpes\/wp-json\/wp\/v2\/pages\/33\/revisions\/866"}],"wp:attachment":[{"href":"https:\/\/chaletsdesalpes.fr\/chaletsdesalpes\/wp-json\/wp\/v2\/media?parent=33"}],"curies":[{"name":"wp","href":"https:\/\/api.w.org\/{rel}","templated":true}]}}