{"id":55,"date":"2026-02-04T09:42:19","date_gmt":"2026-02-04T08:42:19","guid":{"rendered":"http:\/\/www.xn--chalet-orcires-5jb.fr\/chaletorcieres\/?page_id=55"},"modified":"2026-02-12T15:13:46","modified_gmt":"2026-02-12T14:13:46","slug":"super-rochebrune","status":"publish","type":"page","link":"https:\/\/chaletsdesalpes.fr\/chaletsdesalpes\/super-rochebrune\/","title":{"rendered":"Super-Rochebrune"},"content":{"rendered":"\n<p><\/p>\n\n\n\n<div class=\"wp-block-columns is-layout-flex wp-container-core-columns-is-layout-28f84493 wp-block-columns-is-layout-flex\">\n<div class=\"wp-block-column is-layout-flow wp-block-column-is-layout-flow\">\n<figure class=\"wp-block-image size-full\"><img loading=\"lazy\" decoding=\"async\" width=\"1024\" height=\"768\" src=\"http:\/\/www.xn--chalet-orcires-5jb.fr\/chaletorcieres\/wp-content\/uploads\/2026\/02\/s-ete-1.jpg\" alt=\"\" class=\"wp-image-718\" srcset=\"https:\/\/chaletsdesalpes.fr\/chaletsdesalpes\/wp-content\/uploads\/2026\/02\/s-ete-1.jpg 1024w, https:\/\/chaletsdesalpes.fr\/chaletsdesalpes\/wp-content\/uploads\/2026\/02\/s-ete-1-768x576.jpg 768w\" sizes=\"(max-width: 1024px) 100vw, 1024px\" \/><\/figure>\n<\/div>\n\n\n\n<div class=\"wp-block-column is-layout-flow wp-block-column-is-layout-flow\">\n<figure class=\"wp-block-image size-full\"><img loading=\"lazy\" decoding=\"async\" width=\"1024\" height=\"768\" src=\"http:\/\/www.xn--chalet-orcires-5jb.fr\/chaletorcieres\/wp-content\/uploads\/2026\/02\/s-hiver-1.jpg\" alt=\"\" class=\"wp-image-608\"\/><\/figure>\n<\/div>\n<\/div>\n\n\n\n<p class=\"has-text-align-left\">Chalet en construction traditionnelle, pierre de pays au rez de chauss\u00e9e et bois de m\u00e9leze au premier \u00e9tage.<\/p>\n\n\n\n<p>Orientation sud-est, sans vis \u00e0 vis et jouissant d&rsquo;une vue \u00e0 180 degr\u00e9s sur le massif des Ecrins.<\/p>\n\n\n\n<p>Mobilier et d\u00e9coration traditionnels dans le plus pur style montagnard.<\/p>\n\n\n\n<p>Un escalier privatif vous permet de rejoindre en 5 minutes le pied des escalators qui aboutissent au front de neige du Queyrelet et du T\u00e9l\u00e9mix de Rocherousse.<\/p>\n\n\n\n<p>Situ\u00e9 \u00e0 300 m\u00e8tres du jardin des Piou-Piou pour l&rsquo;apprentissage des touts petits.<\/p>\n\n\n\n<p>Un parking gratuit est assur\u00e9 pour votre v\u00e9hicule.<\/p>\n\n\n\n<p class=\"has-text-align-center has-text-color has-link-color has-xx-large-font-size wp-elements-d888a60d8e53d03155e8b7348e77429e\" style=\"color:#30b524\">Super-Rochebrune en images<\/p>\n\n\n\n\n\n\n<p class=\"has-text-color has-link-color has-xx-large-font-size wp-elements-2ecab5d5b05d7d558b70edb5a6cffd28\" style=\"color:#30b524\">\u00c9quipements<\/p>\n\n\n\n<div style=\"opacity: 0;\" superb-addons-animation=\"zoomIn\" class=\"wp-block-superb-addons-table-of-contents\"><div class=\"superbaddons-tableofcontents superbaddons-tableofcontents-alignment-left superbaddons-tableofcontents-boxed\" style=\"background-color:#F2F2F2;border-radius:10px\"><span class=\"superbaddons-tableofcontents-title\" style=\"color:#52557d;font-size:14px;line-height:22px\">&#8211; 3 chambres lit double<br>&#8211; 1 chambre lit double + lit simple en mezzanine<br>&#8211; 1 chambre lit double + lit simple<br>&#8211; 2 lits parapluie pour b\u00e9b\u00e9<br>&#8211; 2 salles de bain douche + wc<br>&#8211; 1 salle de bain douche<br>&#8211; 1 wc s\u00e9par\u00e9<br>&#8211; 1 buanderie<\/span><div class=\"superbaddons-tableofcontents-table\"><ol style=\"list-style-type:decimal\"><\/ol><\/div><\/div><\/div>\n\n\n\n\n\n<div class=\"wp-block-columns is-layout-flex wp-container-core-columns-is-layout-28f84493 wp-block-columns-is-layout-flex\">\n<div class=\"wp-block-column is-layout-flow wp-block-column-is-layout-flow\">\n<div class=\"wp-block-columns is-layout-flex wp-container-core-columns-is-layout-28f84493 wp-block-columns-is-layout-flex\">\n<div class=\"wp-block-column is-layout-flow wp-block-column-is-layout-flow\">\n<div class=\"wp-block-group alignfull has-global-padding is-layout-constrained wp-block-group-is-layout-constrained\">\n<p class=\"has-text-color has-link-color has-xx-large-font-size wp-elements-378004f3c8fbb5a185ef064add55d932\" style=\"color:#30b524\">R\u00e9servation<\/p>\n\n\n <div id=\"form_id1678193497575\" class=\"wpbc_container wpbc_form wpbc_container_booking_form \" ><form id=\"booking_form1\" class=\"booking_form vertical\" method=\"post\" action=\"\"><div id=\"ajax_respond_insert1\" class=\"ajax_respond_insert\" style=\"display:none;\"><\/div><a name=\"bklnk1\" id=\"bklnk1\"><\/a><div id=\"booking_form_div1\" class=\"booking_form_div\"><style type=\"text\/css\">.wpbc_container_booking_form .block_hints, .wpbc_booking_form_simple.wpbc_form_center .wpbc__form__div .wpbc__row.wpbc_r_calendar,  .wpbc_booking_form_simple .wpbc__form__div .wpbc__row:not(.wpbc_r_calendar){max-width:440px;} <\/style>\n<div class=\"wpbc_booking_form_simple \">\n<div class=\"wpbc__row\">\n  <div class=\"wpbc__field\">\n    <div class=\"wpbc_calendar_wraper wpbc_change_over_triangle\"><div class=\"wpbc_cal_container bk_calendar_frame wpbc_no_custom_width  months_num_in_row_ cal_month_num_1\" style=\"\"><div id=\"calendar_booking1\"  class=\"wpbc_calendar_id_1\" >\t<div class=\"calendar_loader_frame calendar_loader_frame1\"\r\n\t\tdata-wpbc-rid=\"1\"\r\n\t\tdata-wpbc-grace=\"8000\"\r\n\t\tstyle=\"--wpbc-loader-cols: 1;\"\r\n\t>\r\n\t\t<div class=\"calendar_loader_text\">Loading...<\/div>\r\n\t\t<div class=\"calendar_loader_frame__progress_line_container\">\r\n\t\t\t<div class=\"calendar_loader_frame__progress_line\"><\/div>\r\n\t\t<\/div>\r\n\t<\/div>\r\n\t<\/div><\/div><div style=\"font-size:7px;text-align:left;margin:0 0 10px;text-shadow: none;\">Powered by <a href=\"https:\/\/wpbookingcalendar.com\" style=\"font-size:7px;\" target=\"_blank\" title=\"Booking Calendar plugin for WordPress\">Booking Calendar<\/a><\/div><textarea id=\"date_booking1\" name=\"date_booking1\" autocomplete=\"off\" style=\"display:none;\"><\/textarea><div class=\"block_hints datepick \"><div class=\"wpdev_hint_with_text\"><div class=\"\"><div class=\"datepick-inline wpbc_calendar_legend_table_width_height\"><table class=\"datepick wpbc_calendar\" style=\"\"><tbody><tr><td class=\"datepick-days-cell date_available wpbc_calendar_legend_day_cell_height\"><div class=\"wpbc-cell-box\">\t<div class=\"date-cell-content\">\t\t<div class=\"date-content-top\"><\/div>\t\t<a>11<\/a>\t\t<div class=\"date-content-bottom\"><\/div>\t<\/div><\/div><\/td><\/tr><\/tbody><\/table><\/div><\/div><div class=\"block_text\">- <\/div><div class=\"block_text\">Disponible<\/div><\/div><div class=\"wpdev_hint_with_text\"><div class=\"\"><div class=\"datepick-inline wpbc_calendar_legend_table_width_height\"><table class=\"datepick wpbc_calendar\" style=\"\"><tbody><tr><td class=\"datepick-days-cell datepick-unselectable date_user_unavailable full_day_booking date_approved wpbc_calendar_legend_day_cell_height\"><div class=\"wpbc-cell-box\">\t<div class=\"date-cell-content\">\t\t<div class=\"date-content-top\"><\/div>\t\t<span>11<\/span>\t\t<div class=\"date-content-bottom\"><\/div>\t<\/div><\/div><\/td><\/tr><\/tbody><\/table><\/div><\/div><div class=\"block_text\">- <\/div><div class=\"block_text\">R\u00e9serv\u00e9<\/div><\/div><div class=\"wpdev_hint_with_text\"><div class=\"\"><div class=\"datepick-inline wpbc_calendar_legend_table_width_height\"><table class=\"datepick wpbc_calendar\" style=\"\"><tbody><tr><td class=\"datepick-days-cell datepick-unselectable date_user_unavailable full_day_booking date2approve wpbc_calendar_legend_day_cell_height\"><div class=\"wpbc-cell-box\">\t<div class=\"date-cell-content\">\t\t<div class=\"date-content-top\"><\/div>\t\t<span>11<\/span>\t\t<div class=\"date-content-bottom\"><\/div>\t<\/div><\/div><\/td><\/tr><\/tbody><\/table><\/div><\/div><div class=\"block_text\">- <\/div><div class=\"block_text\">En attente<\/div><\/div><\/div><\/div>\n  <\/div>\n  <div class=\"wpbc__field\">\n    <div class=\"wpbc__form__div\">\n\t<div class=\"wpbc__row\">\n      <div class=\"wpbc_r_name wpbc__field\">  <label for=\"name1\">Nom*<\/label><br>   <input type=\"text\" name=\"name1\" id=\"name1\" class=\"input-xlarge wpdev-validates-as-required\" \/><\/div>\n\t<\/div>\n\t<div class=\"wpbc__row\">\n      <div class=\"wpbc_r_secondname wpbc__field\">  <label for=\"secondname1\">Pr\u00e9nom*<\/label><br>   <input type=\"text\" name=\"secondname1\" id=\"secondname1\" class=\"input-xlarge wpdev-validates-as-required\" \/><\/div>\n\t<\/div>\n\t<div class=\"wpbc__row\">\n      <div class=\"wpbc_r_email wpbc__field\">  <label for=\"email1\">Email*<\/label><br>   <input type=\"email\" name=\"email1\" id=\"email1\" class=\"input-xlarge wpdev-validates-as-email wpdev-validates-as-required wpdev-validates-as-required\" \/><\/div>\n\t<\/div>\n\t<div class=\"wpbc__row\">\n      <div class=\"wpbc_r_phone wpbc__field\">  <label for=\"phone1\">T\u00e9l\u00e9phone<\/label><br>   <input type=\"text\" name=\"phone1\" id=\"phone1\" class=\"input-xlarge\" \/><\/div>\n\t<\/div>\n\t<div class=\"wpbc__row\">\n      <div class=\"wpbc_r_details wpbc__field\">  <label for=\"details1\">Message<\/label><br>   <textarea  rows=\"3\" name=\"details1\" id=\"details1\" class=\"input-xlarge\" ><\/textarea><\/div>\n\t<\/div>\n\t<div class=\"wpbc__row\">\n      <div class=\"wpbc_r_captcha wpbc__field\"> <span class=\"wpbc_text_captcha_container wpdev-form-control-wrap \"><input  autocomplete=\"off\" type=\"hidden\" name=\"wpdev_captcha_challenge_1\"  id=\"wpdev_captcha_challenge_1\" value=\"1439763593\" \/><input  autocomplete=\"off\" type=\"text\" class=\"captachinput\" value=\"\" name=\"captcha_input1\" id=\"captcha_input1\" \/><img decoding=\"async\" class=\"captcha_img\"  id=\"captcha_img1\" alt=\"To show CAPTCHA, please deactivate cache plugin or exclude this page from caching or disable CAPTCHA at WP Booking Calendar - Settings General page in Form Options section.\" src=\"https:\/\/chaletsdesalpes.fr\/chaletsdesalpes\/wp-content\/plugins\/booking\/js\/captcha\/tmp\/1439763593.png\" \/><\/span><\/div>\n\t<\/div>\n\t<div class=\"wpbc__row\">\n      <div class=\"wpbc_r_submit wpbc__field\"> <button class=\"wpbc_button_light\" type=\"button\" onclick=\"wpbc_booking_form_submit(this.form,1,'fr_FR');\" >Envoyer<\/button>\n<\/div>\n\t<\/div>\n    <\/div>\n  <\/div>\n<\/div>\n<\/div><input id=\"bk_type1\" name=\"bk_type1\" class=\"\" type=\"hidden\" value=\"1\" \/><\/div><div id=\"submiting1\"><\/div><div class=\"form_bk_messages\" id=\"form_bk_messages1\" ><\/div><input type=\"hidden\" id=\"wpbc_nonceCALCULATE_THE_COST1\" name=\"wpbc_nonceCALCULATE_THE_COST1\" value=\"b54cc536f7\" \/><input type=\"hidden\" name=\"_wp_http_referer\" value=\"\/chaletsdesalpes\/wp-json\/wp\/v2\/pages\/55\" \/><\/form><\/div><div id=\"booking_form_garbage1\" class=\"booking_form_garbage\"><\/div>\n<script id=\"wpbc-inline-js-wpbc-dup-calendar-warn-1\" type=\"text\/javascript\">\n(function() { var a = setInterval( function() {  if ( ( 'undefined' === typeof _wpbc ) || ( 'undefined' === typeof jQuery ) || ! window.jQuery ) { return; } clearInterval( a ); jQuery( document ).ready( function (){\njQuery(\".widget_wpdev_booking .booking_form.form-horizontal\").removeClass(\"form-horizontal\");\nvar calendars__on_this_page_list = _wpbc.get_other_param(\"calendars__on_this_page\") || [];\nvar visible_calendars_count = calendars__on_this_page_list.length;\nif (visible_calendars_count !== null) {\n  for (var i=0; i<visible_calendars_count; i++) {\n    if (_wpbc.get_other_param(\"calendars__on_this_page\")[i] === 1) {\n      console.log(\"%c%s\", \"color: #e77; font-weight:bold\", \"Warning! The booking calendar for this resource with the ID = 1 is already on the page. Find more details here: https:\\\/\\\/wpbookingcalendar.com\\\/faq\\\/why-the-booking-calendar-widget-not-show-on-page\\\/\");\n    }\n  }\n  _wpbc.get_other_param(\"calendars__on_this_page\")[visible_calendars_count] = 1;\n};\n} ); }, 500 ); })();\n<\/script>\n <script type=\"text\/javascript\"> (function() { var a = setInterval( function() {  if ( ( 'undefined' === typeof _wpbc ) || ( 'undefined' === typeof jQuery ) || ! window.jQuery ) { return; } clearInterval( a ); jQuery( document ).ready( function (){ _wpbc.balancer__set_max_threads( 3 );  _wpbc.calendar__set_param_value( 1 , 'calendar_scroll_to' , false );  _wpbc.calendar__set_param_value( 1 , 'calendar_dates_start' , \"\" );  _wpbc.calendar__set_param_value( 1 , 'calendar_dates_end'   , \"\" );  _wpbc.calendar__set_param_value( 1 , 'booking_max_monthes_in_calendar' , \"2y\" );  _wpbc.calendar__set_param_value( 1 , 'booking_start_day_weeek' , \"1\" );  _wpbc.calendar__set_param_value( 1 , 'calendar_number_of_months' , \"1\" );  _wpbc.calendar__set_param_value( 1, 'days_select_mode', \"multiple\" );  _wpbc.calendar__set_param_value( 1, 'fixed__days_num', 0 );  _wpbc.calendar__set_param_value( 1, 'fixed__week_days__start',   [] );  _wpbc.calendar__set_param_value( 1, 'dynamic__days_min', 0 );  _wpbc.calendar__set_param_value( 1, 'dynamic__days_max', 0 );  _wpbc.calendar__set_param_value( 1, 'dynamic__days_specific',    [] );  _wpbc.calendar__set_param_value( 1, 'dynamic__week_days__start', [] );  _wpbc.calendar__set_param_value( 1, 'booking_date_format', \"j M Y\" );  _wpbc.calendar__set_param_value( 1, 'booking_time_format', \"g:i A\" );  if ( 'function' === typeof ( wpbc__conditions__SAVE_INITIAL__days_selection_params__bm ) ) { wpbc__conditions__SAVE_INITIAL__days_selection_params__bm( 1 ); }  wpbc_calendar_show(\"1\");  _wpbc.set_secure_param('nonce', \"4bd1baa440\");  _wpbc.set_secure_param('user_id', \"0\");  _wpbc.set_secure_param('locale', \"fr_FR\");  wpbc_calendar__load_data__ajx({\"resource_id\":1,\"booking_hash\":\"\",\"request_uri\":\"\\\/chaletsdesalpes\\\/wp-json\\\/wp\\\/v2\\\/pages\\\/55\",\"custom_form\":\"standard\",\"aggregate_resource_id_str\":\"\",\"aggregate_type\":\"all\"}); } ); }, 500 ); })();<\/script>\n<\/div>\n<\/div>\n<\/div>\n<\/div>\n<\/div>\n\n\n\n<p class=\"has-text-color has-link-color has-xx-large-font-size wp-elements-31217e3c3b6c04757d1598410a514dd7\" style=\"color:#30b524\">Nous situer<\/p>\n\n\n\n<figure class=\"wp-block-image size-large is-resized\"><img loading=\"lazy\" decoding=\"async\" width=\"1327\" height=\"678\" src=\"http:\/\/www.xn--chalet-orcires-5jb.fr\/chaletorcieres\/wp-content\/uploads\/2026\/02\/plan-station-hiver.jpg\" alt=\"\" class=\"wp-image-667\" style=\"aspect-ratio:1.9572488929948075;width:826px;height:auto\" srcset=\"https:\/\/chaletsdesalpes.fr\/chaletsdesalpes\/wp-content\/uploads\/2026\/02\/plan-station-hiver.jpg 1327w, https:\/\/chaletsdesalpes.fr\/chaletsdesalpes\/wp-content\/uploads\/2026\/02\/plan-station-hiver-768x392.jpg 768w\" sizes=\"(max-width: 1327px) 100vw, 1327px\" \/><\/figure>\n\n\n\n<p><\/p>\n","protected":false},"excerpt":{"rendered":"<p>Chalet en construction traditionnelle, pierre de pays au rez de chauss\u00e9e et bois de m\u00e9leze au premier \u00e9tage. Orientation sud-est, sans vis \u00e0 vis et [&hellip;]<\/p>\n","protected":false},"author":1,"featured_media":0,"parent":0,"menu_order":0,"comment_status":"closed","ping_status":"closed","template":"kubio-full-width","meta":{"saved_in_kubio":true,"footnotes":""},"class_list":["post-55","page","type-page","status-publish","hentry"],"kubio_ai_page_context":{"short_desc":"","purpose":"general"},"_links":{"self":[{"href":"https:\/\/chaletsdesalpes.fr\/chaletsdesalpes\/wp-json\/wp\/v2\/pages\/55","targetHints":{"allow":["GET"]}}],"collection":[{"href":"https:\/\/chaletsdesalpes.fr\/chaletsdesalpes\/wp-json\/wp\/v2\/pages"}],"about":[{"href":"https:\/\/chaletsdesalpes.fr\/chaletsdesalpes\/wp-json\/wp\/v2\/types\/page"}],"author":[{"embeddable":true,"href":"https:\/\/chaletsdesalpes.fr\/chaletsdesalpes\/wp-json\/wp\/v2\/users\/1"}],"replies":[{"embeddable":true,"href":"https:\/\/chaletsdesalpes.fr\/chaletsdesalpes\/wp-json\/wp\/v2\/comments?post=55"}],"version-history":[{"count":60,"href":"https:\/\/chaletsdesalpes.fr\/chaletsdesalpes\/wp-json\/wp\/v2\/pages\/55\/revisions"}],"predecessor-version":[{"id":798,"href":"https:\/\/chaletsdesalpes.fr\/chaletsdesalpes\/wp-json\/wp\/v2\/pages\/55\/revisions\/798"}],"wp:attachment":[{"href":"https:\/\/chaletsdesalpes.fr\/chaletsdesalpes\/wp-json\/wp\/v2\/media?parent=55"}],"curies":[{"name":"wp","href":"https:\/\/api.w.org\/{rel}","templated":true}]}}