{"id":59,"date":"2026-02-04T09:43:23","date_gmt":"2026-02-04T08:43:23","guid":{"rendered":"http:\/\/www.xn--chalet-orcires-5jb.fr\/chaletorcieres\/?page_id=59"},"modified":"2026-02-10T18:01:56","modified_gmt":"2026-02-10T17:01:56","slug":"la-station","status":"publish","type":"page","link":"https:\/\/chaletsdesalpes.fr\/chaletsdesalpes\/la-station\/","title":{"rendered":"La Station"},"content":{"rendered":"\n<p><\/p>\n\n\n\n<figure class=\"wp-block-image aligncenter size-large is-resized\"><img loading=\"lazy\" decoding=\"async\" width=\"1000\" height=\"625\" src=\"http:\/\/www.xn--chalet-orcires-5jb.fr\/chaletorcieres\/wp-content\/uploads\/2026\/02\/orcieres-merlette-2025.jpg\" alt=\"\" class=\"wp-image-771\" style=\"width:188px;height:auto\" srcset=\"https:\/\/chaletsdesalpes.fr\/chaletsdesalpes\/wp-content\/uploads\/2026\/02\/orcieres-merlette-2025.jpg 1000w, https:\/\/chaletsdesalpes.fr\/chaletsdesalpes\/wp-content\/uploads\/2026\/02\/orcieres-merlette-2025-768x480.jpg 768w\" sizes=\"(max-width: 1000px) 100vw, 1000px\" \/><\/figure>\n\n\n\n\n\n\n\n<p>Une destination de caract\u00e8re dans une station de ski familiale situ\u00e9e \u00e0 1850 m d&rsquo;altitude au c\u0153ur du massif des Ecrins et b\u00e9n\u00e9ficiant d&rsquo;un bon ensoleillement gr\u00e2ce \u00e0 son climat m\u00e9diterran\u00e9en.<br>Vous pourrez y s\u00e9journer en toute oisivet\u00e9 ou sportivement gr\u00e2ce aux multiples activit\u00e9s propos\u00e9es aussi bien l&rsquo;hiver que l&rsquo;\u00e9t\u00e9.<br>Vous y d\u00e9couvrirez des paysages \u00e9poustouflants et en repartirez avec des souvenirs plein la t\u00eate !<\/p>\n\n\n\n<p class=\"has-text-color has-link-color has-xx-large-font-size wp-elements-74c2177fa9de86790c6719290be63157\" style=\"color:#30b524\">Les Activit\u00e9s<\/p>\n\n\n\n\n\n\n\n<p>L&rsquo;hiver, le domaine skiable culminant \u00e0 2725 m d&rsquo;altitude totalise 100 km de pistes ouvertes \u00e0 toutes les disciplines et niveaux de ski.<\/p>\n\n\n\n<p>L&rsquo;\u00e9t\u00e9, les GR et sentiers de randonn\u00e9es offrent aux marcheurs d&rsquo;innombrables possibilit\u00e9s de circuits, trek ou simples balades et pique-nique au c\u0153ur de la nature.<\/p>\n\n\n\n<p>Dans le complexe du Palais des Sports vous trouverez piscine et toboggans, bowling, bar, cin\u00e9ma et bien s\u00fbr la patinoire o\u00f9 vous aurez le plaisir d&rsquo;assister \u00e0 des matchs de hockey sur glace confrontant les meilleures \u00e9quipes locales (Gap, Brian\u00e7on, etc).<\/p>\n\n\n\n<p>Les plus petits ne sont pas oubli\u00e9s ; la station leur propose, au travers de tous les complexes tant \u00e0 l&rsquo;int\u00e9rieur qu&rsquo;\u00e0 l&rsquo;ext\u00e9rieur, de multiples activit\u00e9s d\u00e9di\u00e9es \u00e0 leurs loisirs et d\u00e9tente.<\/p>\n\n\n\n<p>Pour les plus t\u00e9m\u00e9raires, la plus grande Tyrolienne d&rsquo;Europe vous assurera des sensations fortes (160 km\/h \u00e0 200 m de haut).<br>A quelques kilom\u00e8tres dans la vall\u00e9e (navette gratuite selon les p\u00e9riodes), n&rsquo;oubliez-pas de rendre visite \u00e0 la base de loisirs.<\/p>\n\n\n\n<p>Enfin, au travers de sa programmation \u00e9v\u00e8nementielle pour tous (petits et grands, en famille ou entre amis), vous trouverez \u00e0 Orci\u00e8res-Merlette hiver comme \u00e9t\u00e9 des semaines \u00e0 th\u00e8me, des concerts et des projections, des sorties dans la nature ou encore des comp\u00e9titions sportives\u2026<\/p>\n\n\n\n\n\n<p class=\"has-text-color has-link-color has-xx-large-font-size wp-elements-4fe6539ddccea4c5e9ca979c7dc448cc\" style=\"color:#30b524\">Nous rejoindre<\/p>\n\n\n\n<div class=\"wp-block-superb-addons-google-maps\"><div class=\"superbaddons-google-maps-block\" style=\"border-radius:4.5%;height:300px\"><iframe loading=\"lazy\" width=\"100%\" height=\"300px\" frameborder=\"0\" margin=\"0\" padding=\"0\" referrerpolicy=\"no-referrer-when-downgrade\" src=\"https:\/\/maps.google.com\/maps?width=100%&amp;height=100%&amp;q=83 rue de champs la fontaine 05170 Orci\u00e8res-Merlette&amp;t=&amp;z=12&amp;hl=fr&amp;ie=UTF8&amp;iwloc=B&amp;output=embed\"><\/iframe><\/div><\/div>\n\n\n\n<p><\/p>\n","protected":false},"excerpt":{"rendered":"<p>Une destination de caract\u00e8re dans une station de ski familiale situ\u00e9e \u00e0 1850 m d&rsquo;altitude au c\u0153ur du massif des Ecrins et b\u00e9n\u00e9ficiant d&rsquo;un bon [&hellip;]<\/p>\n","protected":false},"author":1,"featured_media":0,"parent":0,"menu_order":0,"comment_status":"closed","ping_status":"closed","template":"kubio-full-width","meta":{"saved_in_kubio":true,"footnotes":""},"class_list":["post-59","page","type-page","status-publish","hentry"],"kubio_ai_page_context":{"short_desc":"","purpose":"general"},"_links":{"self":[{"href":"https:\/\/chaletsdesalpes.fr\/chaletsdesalpes\/wp-json\/wp\/v2\/pages\/59","targetHints":{"allow":["GET"]}}],"collection":[{"href":"https:\/\/chaletsdesalpes.fr\/chaletsdesalpes\/wp-json\/wp\/v2\/pages"}],"about":[{"href":"https:\/\/chaletsdesalpes.fr\/chaletsdesalpes\/wp-json\/wp\/v2\/types\/page"}],"author":[{"embeddable":true,"href":"https:\/\/chaletsdesalpes.fr\/chaletsdesalpes\/wp-json\/wp\/v2\/users\/1"}],"replies":[{"embeddable":true,"href":"https:\/\/chaletsdesalpes.fr\/chaletsdesalpes\/wp-json\/wp\/v2\/comments?post=59"}],"version-history":[{"count":16,"href":"https:\/\/chaletsdesalpes.fr\/chaletsdesalpes\/wp-json\/wp\/v2\/pages\/59\/revisions"}],"predecessor-version":[{"id":774,"href":"https:\/\/chaletsdesalpes.fr\/chaletsdesalpes\/wp-json\/wp\/v2\/pages\/59\/revisions\/774"}],"wp:attachment":[{"href":"https:\/\/chaletsdesalpes.fr\/chaletsdesalpes\/wp-json\/wp\/v2\/media?parent=59"}],"curies":[{"name":"wp","href":"https:\/\/api.w.org\/{rel}","templated":true}]}}